{"id":2,"date":"2024-09-19T15:38:36","date_gmt":"2024-09-19T15:38:36","guid":{"rendered":"https:\/\/quanhueolem.themefull.cloud\/?page_id=2"},"modified":"2024-12-06T09:05:55","modified_gmt":"2024-12-06T09:05:55","slug":"trang-chu","status":"publish","type":"page","link":"https:\/\/doanvanhiep.biz.vn\/","title":{"rendered":"Trang ch\u1ee7"},"content":{"rendered":"\n\t<section class=\"section\" id=\"section_1895043810\">\n\t\t<div class=\"section-bg fill\" >\n\t\t\t\t\t\t\t\t\t\n\t\t\t\n\n\t\t<\/div>\n\n\t\t\n\n\t\t<div class=\"section-content relative\">\n\t\t\t\n<div class=\"row\"  id=\"row-1350026513\">\n\n\t<div id=\"col-1810777913\" class=\"col medium-4 small-12 large-4\"  >\n\t\t<div class=\"is-sticky-column\"><div class=\"is-sticky-column__inner\">\t\t<div class=\"col-inner\"  >\n\t\t\t\n\t\t\t\n<p><img decoding=\"async\" src=\"https:\/\/my.tino.vn\/macosvn.png\" alt=\"logo\"><\/p>\n<h1><strong>H\u1ed8 KINH DOANH \u0110O\u00c0N V\u0102N HI\u1ec6P<\/strong><\/h1>\n<p>M\u1ed9t Gia \u0110\u00ecnh G\u1ed1c Hu\u1ebf &#8211; \u0110am M\u00ea N\u1ea5u \u0102n Cho \u0110\u1ea5t S\u00e0i G\u00f2n<\/p>\n\n\t<a class=\"plain\" href=\"tel:0857744656\" >\t<div class=\"icon-box featured-box icon-box-left text-left\"  >\n\t\t\t\t\t<div class=\"icon-box-img\" style=\"width: 20px\">\n\t\t\t\t<div class=\"icon\">\n\t\t\t\t\t<div class=\"icon-inner\" >\n\t\t\t\t\t\t<img loading=\"lazy\" decoding=\"async\" width=\"1\" height=\"1\" src=\"https:\/\/doanvanhiep.biz.vn\/wp-content\/uploads\/2024\/09\/icon-phone-1.svg\" class=\"attachment-medium size-medium\" alt=\"\" \/>\t\t\t\t\t<\/div>\n\t\t\t\t<\/div>\n\t\t\t<\/div>\n\t\t\t\t<div class=\"icon-box-text last-reset\">\n\t\t\t\t\t\t\t\t\t\n<p>+84 397979773<\/p>\n\t\t<\/div>\n\t<\/div>\n\t<\/a>\n\t\n\n\t<a class=\"plain\" href=\"https:\/\/www.facebook.com\/monngonnhalem\" >\t<div class=\"icon-box featured-box icon-box-left text-left\"  >\n\t\t\t\t\t<div class=\"icon-box-img\" style=\"width: 20px\">\n\t\t\t\t<div class=\"icon\">\n\t\t\t\t\t<div class=\"icon-inner\" style=\"color:rgb(229, 231, 235);\">\n\t\t\t\t\t\t<svg width=\"16\" height=\"16\" viewBox=\"0 0 48 48\" fill=\"none\" xmlns=\"http:\/\/www.w3.org\/2000\/svg\"><path d=\"M24 0C10.7453 0 0 10.7453 0 24C0 35.255 7.74912 44.6995 18.2026 47.2934V31.3344H13.2538V24H18.2026V20.8397C18.2026 12.671 21.8995 8.8848 29.9194 8.8848C31.44 8.8848 34.0637 9.18336 35.137 9.48096V16.129C34.5706 16.0694 33.5866 16.0397 32.3645 16.0397C28.4294 16.0397 26.9088 17.5306 26.9088 21.4061V24H34.7482L33.4013 31.3344H26.9088V47.8243C38.7926 46.3891 48.001 36.2707 48.001 24C48 10.7453 37.2547 0 24 0Z\" fill=\"currentColor\"><\/path><\/svg>\t\t\t\t\t<\/div>\n\t\t\t\t<\/div>\n\t\t\t<\/div>\n\t\t\t\t<div class=\"icon-box-text last-reset\">\n\t\t\t\t\t\t\t\t\t\n<p>H\u1ed8 KINH DOANH \u0110O\u00c0N V\u0102N HI\u1ec6P<\/p>\n\t\t<\/div>\n\t<\/div>\n\t<\/a>\n\t\n\n\t<a class=\"plain\" href=\"https:\/\/maps.app.goo.gl\/7dai581jL9oyupn16\" >\t<div class=\"icon-box featured-box icon-box-left text-left\"  >\n\t\t\t\t\t<div class=\"icon-box-img\" style=\"width: 20px\">\n\t\t\t\t<div class=\"icon\">\n\t\t\t\t\t<div class=\"icon-inner\" style=\"color:rgb(229, 231, 235);\">\n\t\t\t\t\t\t<svg width=\"16\" height=\"16\" viewBox=\"0 0 48 48\" fill=\"none\" xmlns=\"http:\/\/www.w3.org\/2000\/svg\"><path d=\"M17.3607 21.1765C17.3607 22.9843 18.0789 24.7181 19.3572 25.9964C20.6355 27.2747 22.3693 27.9929 24.1771 27.9929C25.9849 27.9929 27.7187 27.2747 28.9971 25.9964C30.2754 24.7181 30.9935 22.9843 30.9935 21.1765C30.9935 19.3686 30.2754 17.6348 28.9971 16.3565C27.7187 15.0782 25.9849 14.36 24.1771 14.36C22.3693 14.36 20.6355 15.0782 19.3572 16.3565C18.0789 17.6348 17.3607 19.3686 17.3607 21.1765Z\" stroke=\"currentColor\" stroke-width=\"4.54428\" stroke-linecap=\"round\" stroke-linejoin=\"round\"><\/path><path d=\"M37.0306 34.0299L27.3899 43.6706C26.5378 44.5219 25.3827 45 24.1783 45C22.9738 45 21.8187 44.5219 20.9666 43.6706L11.3236 34.0299C8.78161 31.4878 7.0505 28.2489 6.34921 24.7229C5.64792 21.197 6.00794 17.5422 7.38375 14.2208C8.75956 10.8994 11.0894 8.06062 14.0786 6.06333C17.0677 4.06605 20.5821 3 24.1771 3C27.7722 3 31.2865 4.06605 34.2757 6.06333C37.2649 8.06062 39.5947 10.8994 40.9705 14.2208C42.3463 17.5422 42.7063 21.197 42.005 24.7229C41.3037 28.2489 39.5726 31.4878 37.0306 34.0299Z\" stroke=\"currentColor\" stroke-width=\"4.54428\" stroke-linecap=\"round\" stroke-linejoin=\"round\"><\/path><\/svg>\t\t\t\t\t<\/div>\n\t\t\t\t<\/div>\n\t\t\t<\/div>\n\t\t\t\t<div class=\"icon-box-text last-reset\">\n\t\t\t\t\t\t\t\t\t\n<p>S\u1ed1 08, t\u1ed5 7, \u0111\u01b0\u1eddng 854, \u1ea5p T\u00e2n L\u1eadp, x\u00e3 T\u00e2n Nhu\u1eadn \u0110\u00f4ng, CT, \u0110T, X\u00e3 Ph\u00fa Long, Huy\u1ec7n Ch\u00e2u Th\u00e0nh, T\u1ec9nh \u0110\u1ed3ng Th\u00e1p<\/p>\n\t\t<\/div>\n\t<\/div>\n\t<\/a>\n\t\n\t\t<\/div>\n\t\t<\/div><\/div>\t\t\t<\/div>\n\n\t\n\n\t<div id=\"col-110354074\" class=\"col medium-8 small-12 large-8\"  >\n\t\t\t\t<div class=\"col-inner\"  >\n\t\t\t\n\t\t\t\n\t<div class=\"img has-hover has-radius x md-x lg-x y md-y lg-y\" id=\"image_1771637237\">\n\t\t\t\t\t\t\t\t<div class=\"img-inner dark\" >\n\t\t\t<img loading=\"lazy\" decoding=\"async\" width=\"888\" height=\"1024\" src=\"https:\/\/doanvanhiep.biz.vn\/wp-content\/uploads\/2024\/09\/banner1-888x1024.webp\" class=\"attachment-large size-large\" alt=\"\" srcset=\"https:\/\/doanvanhiep.biz.vn\/wp-content\/uploads\/2024\/09\/banner1-888x1024.webp 888w, https:\/\/doanvanhiep.biz.vn\/wp-content\/uploads\/2024\/09\/banner1-260x300.webp 260w, https:\/\/doanvanhiep.biz.vn\/wp-content\/uploads\/2024\/09\/banner1-768x886.webp 768w, https:\/\/doanvanhiep.biz.vn\/wp-content\/uploads\/2024\/09\/banner1.webp 1200w\" sizes=\"auto, (max-width: 888px) 100vw, 888px\" \/>\t\t\t\t\t\t\n\t\t\t\t\t<\/div>\n\t\t\t\t\t\t\t\t\n<style>\n#image_1771637237 {\n  width: 100%;\n}\n<\/style>\n\t<\/div>\n\t\n<div class=\"container section-title-container\" ><h3 class=\"section-title section-title-normal\"><b><\/b><span class=\"section-title-main\" >M\u00f3n Hu\u1ebf Signature<\/span><b><\/b><\/h3><\/div>\n<div class=\"row\"  id=\"row-1407132851\">\n\n\t<div id=\"col-1788302720\" class=\"col medium-6 small-12 large-6\"  >\n\t\t\t\t<div class=\"col-inner\"  >\n\t\t\t\n\t\t\t\n\t<div class=\"img has-hover has-radius x md-x lg-x y md-y lg-y\" id=\"image_1879230245\">\n\t\t\t\t\t\t\t\t<div class=\"img-inner dark\" >\n\t\t\t<img loading=\"lazy\" decoding=\"async\" width=\"1020\" height=\"791\" src=\"https:\/\/doanvanhiep.biz.vn\/wp-content\/uploads\/2024\/09\/menu1-1024x794.webp\" class=\"attachment-large size-large\" alt=\"\" srcset=\"https:\/\/doanvanhiep.biz.vn\/wp-content\/uploads\/2024\/09\/menu1-1024x794.webp 1024w, https:\/\/doanvanhiep.biz.vn\/wp-content\/uploads\/2024\/09\/menu1-300x233.webp 300w, https:\/\/doanvanhiep.biz.vn\/wp-content\/uploads\/2024\/09\/menu1-768x596.webp 768w, https:\/\/doanvanhiep.biz.vn\/wp-content\/uploads\/2024\/09\/menu1.webp 1200w\" sizes=\"auto, (max-width: 1020px) 100vw, 1020px\" \/>\t\t\t\t\t\t\n\t\t\t\t\t<\/div>\n\t\t\t\t\t\t\t\t\n<style>\n#image_1879230245 {\n  width: 100%;\n}\n<\/style>\n\t<\/div>\n\t\n\t\t<\/div>\n\t\t\t\t\t<\/div>\n\n\t\n\n\t<div id=\"col-1598628757\" class=\"col medium-6 small-12 large-6\"  >\n\t\t\t\t<div class=\"col-inner\"  >\n\t\t\t\n\t\t\t\n\t<div class=\"img has-hover has-radius x md-x lg-x y md-y lg-y\" id=\"image_1807525560\">\n\t\t\t\t\t\t\t\t<div class=\"img-inner dark\" >\n\t\t\t<img loading=\"lazy\" decoding=\"async\" width=\"1020\" height=\"791\" src=\"https:\/\/doanvanhiep.biz.vn\/wp-content\/uploads\/2024\/09\/menu1-1024x794.webp\" class=\"attachment-large size-large\" alt=\"\" srcset=\"https:\/\/doanvanhiep.biz.vn\/wp-content\/uploads\/2024\/09\/menu1-1024x794.webp 1024w, https:\/\/doanvanhiep.biz.vn\/wp-content\/uploads\/2024\/09\/menu1-300x233.webp 300w, https:\/\/doanvanhiep.biz.vn\/wp-content\/uploads\/2024\/09\/menu1-768x596.webp 768w, https:\/\/doanvanhiep.biz.vn\/wp-content\/uploads\/2024\/09\/menu1.webp 1200w\" sizes=\"auto, (max-width: 1020px) 100vw, 1020px\" \/>\t\t\t\t\t\t\n\t\t\t\t\t<\/div>\n\t\t\t\t\t\t\t\t\n<style>\n#image_1807525560 {\n  width: 100%;\n}\n<\/style>\n\t<\/div>\n\t\n\t\t<\/div>\n\t\t\t\t\t<\/div>\n\n\t\n<\/div>\n<div class=\"container section-title-container\" ><h3 class=\"section-title section-title-normal\"><b><\/b><span class=\"section-title-main\" >Menu Chi Ti\u1ebft<\/span><b><\/b><\/h3><\/div>\n\t<div class=\"img has-hover has-radius x md-x lg-x y md-y lg-y\" id=\"image_205677507\">\n\t\t\t\t\t\t\t\t<div class=\"img-inner dark\" >\n\t\t\t<img loading=\"lazy\" decoding=\"async\" width=\"1020\" height=\"507\" src=\"https:\/\/doanvanhiep.biz.vn\/wp-content\/uploads\/2024\/09\/menu-chi-tiet-1-1024x509.webp\" class=\"attachment-large size-large\" alt=\"\" srcset=\"https:\/\/doanvanhiep.biz.vn\/wp-content\/uploads\/2024\/09\/menu-chi-tiet-1-1024x509.webp 1024w, https:\/\/doanvanhiep.biz.vn\/wp-content\/uploads\/2024\/09\/menu-chi-tiet-1-300x149.webp 300w, https:\/\/doanvanhiep.biz.vn\/wp-content\/uploads\/2024\/09\/menu-chi-tiet-1-768x381.webp 768w, https:\/\/doanvanhiep.biz.vn\/wp-content\/uploads\/2024\/09\/menu-chi-tiet-1.webp 1200w\" sizes=\"auto, (max-width: 1020px) 100vw, 1020px\" \/>\t\t\t\t\t\t\n\t\t\t\t\t<\/div>\n\t\t\t\t\t\t\t\t\n<style>\n#image_205677507 {\n  width: 100%;\n}\n<\/style>\n\t<\/div>\n\t\n\t<div class=\"img has-hover has-radius x md-x lg-x y md-y lg-y\" id=\"image_1463857799\">\n\t\t\t\t\t\t\t\t<div class=\"img-inner dark\" >\n\t\t\t<img loading=\"lazy\" decoding=\"async\" width=\"1020\" height=\"495\" src=\"https:\/\/doanvanhiep.biz.vn\/wp-content\/uploads\/2024\/09\/menu-chitiet-2-1024x497.webp\" class=\"attachment-large size-large\" alt=\"\" srcset=\"https:\/\/doanvanhiep.biz.vn\/wp-content\/uploads\/2024\/09\/menu-chitiet-2-1024x497.webp 1024w, https:\/\/doanvanhiep.biz.vn\/wp-content\/uploads\/2024\/09\/menu-chitiet-2-300x146.webp 300w, https:\/\/doanvanhiep.biz.vn\/wp-content\/uploads\/2024\/09\/menu-chitiet-2-768x373.webp 768w, https:\/\/doanvanhiep.biz.vn\/wp-content\/uploads\/2024\/09\/menu-chitiet-2.webp 1200w\" sizes=\"auto, (max-width: 1020px) 100vw, 1020px\" \/>\t\t\t\t\t\t\n\t\t\t\t\t<\/div>\n\t\t\t\t\t\t\t\t\n<style>\n#image_1463857799 {\n  width: 100%;\n}\n<\/style>\n\t<\/div>\n\t\n\t<div class=\"img has-hover has-radius x md-x lg-x y md-y lg-y\" id=\"image_2015956215\">\n\t\t\t\t\t\t\t\t<div class=\"img-inner dark\" >\n\t\t\t<img loading=\"lazy\" decoding=\"async\" width=\"1020\" height=\"326\" src=\"https:\/\/doanvanhiep.biz.vn\/wp-content\/uploads\/2024\/09\/menu-chi-tiet-3-1024x327.webp\" class=\"attachment-large size-large\" alt=\"\" srcset=\"https:\/\/doanvanhiep.biz.vn\/wp-content\/uploads\/2024\/09\/menu-chi-tiet-3-1024x327.webp 1024w, https:\/\/doanvanhiep.biz.vn\/wp-content\/uploads\/2024\/09\/menu-chi-tiet-3-300x96.webp 300w, https:\/\/doanvanhiep.biz.vn\/wp-content\/uploads\/2024\/09\/menu-chi-tiet-3-768x245.webp 768w, https:\/\/doanvanhiep.biz.vn\/wp-content\/uploads\/2024\/09\/menu-chi-tiet-3.webp 1116w\" sizes=\"auto, (max-width: 1020px) 100vw, 1020px\" \/>\t\t\t\t\t\t\n\t\t\t\t\t<\/div>\n\t\t\t\t\t\t\t\t\n<style>\n#image_2015956215 {\n  width: 100%;\n}\n<\/style>\n\t<\/div>\n\t\n<div class=\"container section-title-container\" ><h3 class=\"section-title section-title-normal\"><b><\/b><span class=\"section-title-main\" >\u0110\u1ecba Ch\u1ec9 Qu\u00e1n<\/span><b><\/b><\/h3><\/div>\n\n<p><iframe src=\"https:\/\/www.google.com\/maps\/embed?pb=!1m18!1m12!1m3!1d3919.634349277961!2d106.67880459999999!3d10.762637999999999!2m3!1f0!2f0!3f0!3m2!1i1024!2i768!4f13.1!3m3!1m2!1s0x31752f7e91b5b6f5%3A0xc789d0eab5ec2429!2zVGlub2hvc3QgLSBDw7RuZyBUeSBUw6puIE1p4buBbiBWw6AgSG9zdGluZyBHacOhIFLhurs!5e0!3m2!1svi!2s!4v1733467174624!5m2!1svi!2s\" width=\"100%\" height=\"450\" style=\"border:0;\" allowfullscreen=\"\" loading=\"lazy\" referrerpolicy=\"no-referrer-when-downgrade\"><\/iframe><br \/>\n\n\t\t<\/div>\n\t\t\t\t\t<\/div>\n\n\t\n<\/div>\n\t\t<\/div>\n\n\t\t\n<style>\n#section_1895043810 {\n  padding-top: 30px;\n  padding-bottom: 30px;\n  background-color: rgb(239, 235, 229);\n}\n<\/style>\n\t<\/section>\n\t\n","protected":false},"excerpt":{"rendered":"","protected":false},"author":1,"featured_media":0,"parent":0,"menu_order":0,"comment_status":"closed","ping_status":"closed","template":"page-blank-landingpage.php","meta":{"footnotes":""},"class_list":["post-2","page","type-page","status-publish","hentry"],"_links":{"self":[{"href":"https:\/\/doanvanhiep.biz.vn\/index.php\/wp-json\/wp\/v2\/pages\/2","targetHints":{"allow":["GET"]}}],"collection":[{"href":"https:\/\/doanvanhiep.biz.vn\/index.php\/wp-json\/wp\/v2\/pages"}],"about":[{"href":"https:\/\/doanvanhiep.biz.vn\/index.php\/wp-json\/wp\/v2\/types\/page"}],"author":[{"embeddable":true,"href":"https:\/\/doanvanhiep.biz.vn\/index.php\/wp-json\/wp\/v2\/users\/1"}],"replies":[{"embeddable":true,"href":"https:\/\/doanvanhiep.biz.vn\/index.php\/wp-json\/wp\/v2\/comments?post=2"}],"version-history":[{"count":7,"href":"https:\/\/doanvanhiep.biz.vn\/index.php\/wp-json\/wp\/v2\/pages\/2\/revisions"}],"predecessor-version":[{"id":41,"href":"https:\/\/doanvanhiep.biz.vn\/index.php\/wp-json\/wp\/v2\/pages\/2\/revisions\/41"}],"wp:attachment":[{"href":"https:\/\/doanvanhiep.biz.vn\/index.php\/wp-json\/wp\/v2\/media?parent=2"}],"curies":[{"name":"wp","href":"https:\/\/api.w.org\/{rel}","templated":true}]}}